{"id":923,"date":"2018-03-11T14:37:23","date_gmt":"2018-03-11T14:37:23","guid":{"rendered":"http:\/\/flyballbelgique2.wordpress.com\/?page_id=923"},"modified":"2018-03-11T14:37:23","modified_gmt":"2018-03-11T14:37:23","slug":"trouver-facilement-les-apprentissages-de-base","status":"publish","type":"page","link":"https:\/\/ciec.be\/flyballbelgique\/index.php\/trouver-facilement-les-apprentissages-de-base\/","title":{"rendered":"Apprentissages de base"},"content":{"rendered":"<p><em><strong>Afin de vous aider \u00e0 retrouver facilement les apprentissages de base dont nous parlons dans ce blog, voici les liens directs.<\/strong><\/em><\/p>\n<p><em><strong>En g\u00e9n\u00e9ral<br \/>\nhttps:\/\/flyballbelgique2.wordpress.com\/2012\/11\/11\/entrainer-un-chien-a-la-pratique-du-flyball\/<\/strong><\/em><\/p>\n<p><em><strong>Le mat\u00e9riel<br \/>\nhttps:\/\/flyballbelgique2.wordpress.com\/2012\/11\/01\/materiel-de-flyball\/<\/strong><\/em><\/p>\n<p><em><strong>Le jeu avec la corde (tug)<br \/>\nhttps:\/\/flyballbelgique2.wordpress.com\/2016\/03\/11\/apprentissage-du-jeu-a-la-corde-a-tirer-ou-tug\/<\/strong><\/em><\/p>\n<p><strong><em>Les haies<br \/>\nhttps:\/\/flyballbelgique2.wordpress.com\/2016\/12\/05\/passer-correctement-les-haies\/<\/em><\/strong><\/p>\n<p><em><strong>le travail sur le tapis<\/strong><\/em><br \/>\n<em><strong>https:\/\/wordpress.com\/post\/flyballbelgique2.wordpress.com\/1554<\/strong><\/em><\/p>\n<p><strong><em> Le travail au boxe<br \/>\n<a href=\"https:\/\/flyballbelgique2.wordpress.com\/2018\/04\/11\/travail-sur-le-boxe\/\">Travail sur le&nbsp;boxe<\/a><br \/>\n<\/em><\/strong><\/p>\n<p><em><strong>Les \u00e9chauffements<br \/>\n<\/strong><\/em><em><strong>https:\/\/flyballbelgique2.wordpress.com\/2018\/04\/20\/il-y-a-echauffement-et-echauffement-partie-1\/<br \/>\n<a href=\"https:\/\/flyballbelgique2.wordpress.com\/2018\/05\/03\/il-y-a-echauffement-et-echauffement-partie-2\/\">Il y a \u00e9chauffement et \u00e9chauffement (partie&nbsp;2)<\/a><br \/>\n<\/strong><\/em><\/p>\n<p><em><strong>Les niveaux d&rsquo;entra\u00eenements dans le club<\/strong><\/em><br \/>\n<em><strong>https:\/\/flyballbelgique2.wordpress.com\/2018\/07\/18\/les-niveaux-aux-entrainements-chez-nous\/<\/strong><\/em><\/p>\n","protected":false},"excerpt":{"rendered":"<p>Afin de vous aider \u00e0 retrouver facilement les apprentissages de base dont nous parlons dans ce blog, voici les liens directs. En g\u00e9n\u00e9ral https:\/\/flyballbelgique2.wordpress.com\/2012\/11\/11\/entrainer-un-chien-a-la-pratique-du-flyball\/ Le mat\u00e9riel https:\/\/flyballbelgique2.wordpress.com\/2012\/11\/01\/materiel-de-flyball\/ Le jeu avec la corde (tug) https:\/\/flyballbelgique2.wordpress.com\/2016\/03\/11\/apprentissage-du-jeu-a-la-corde-a-tirer-ou-tug\/ Les haies https:\/\/flyballbelgique2.wordpress.com\/2016\/12\/05\/passer-correctement-les-haies\/ le travail sur le tapis https:\/\/wordpress.com\/post\/flyballbelgique2.wordpress.com\/1554 Le travail au boxe Travail sur le&nbsp;boxe Les \u00e9chauffements https:\/\/flyballbelgique2.wordpress.com\/2018\/04\/20\/il-y-a-echauffement-et-echauffement-partie-1\/ Il y [&hellip;]<\/p>\n","protected":false},"author":1,"featured_media":0,"parent":0,"menu_order":0,"comment_status":"open","ping_status":"open","template":"","meta":{"_et_pb_use_builder":"","_et_pb_old_content":"","_et_gb_content_width":"","footnotes":""},"class_list":["post-923","page","type-page","status-publish","hentry"],"_links":{"self":[{"href":"https:\/\/ciec.be\/flyballbelgique\/index.php\/wp-json\/wp\/v2\/pages\/923","targetHints":{"allow":["GET"]}}],"collection":[{"href":"https:\/\/ciec.be\/flyballbelgique\/index.php\/wp-json\/wp\/v2\/pages"}],"about":[{"href":"https:\/\/ciec.be\/flyballbelgique\/index.php\/wp-json\/wp\/v2\/types\/page"}],"author":[{"embeddable":true,"href":"https:\/\/ciec.be\/flyballbelgique\/index.php\/wp-json\/wp\/v2\/users\/1"}],"replies":[{"embeddable":true,"href":"https:\/\/ciec.be\/flyballbelgique\/index.php\/wp-json\/wp\/v2\/comments?post=923"}],"version-history":[{"count":0,"href":"https:\/\/ciec.be\/flyballbelgique\/index.php\/wp-json\/wp\/v2\/pages\/923\/revisions"}],"wp:attachment":[{"href":"https:\/\/ciec.be\/flyballbelgique\/index.php\/wp-json\/wp\/v2\/media?parent=923"}],"curies":[{"name":"wp","href":"https:\/\/api.w.org\/{rel}","templated":true}]}}