{"id":1405,"date":"2017-08-15T15:47:42","date_gmt":"2017-08-15T15:47:42","guid":{"rendered":"https:\/\/flyballbelgique2.wordpress.com\/?page_id=1405"},"modified":"2017-08-15T15:47:42","modified_gmt":"2017-08-15T15:47:42","slug":"faire-du-flyball","status":"publish","type":"page","link":"https:\/\/ciec.be\/flyballbelgique\/index.php\/faire-du-flyball\/","title":{"rendered":"Faire du flyball ?"},"content":{"rendered":"<p><em><strong>D\u00e9buter en flyball est possible pour presque tous les chiens, que vous ayez un Chihuahua ou un Leonberg, si vous souhaitez vous lancer dans ce sport, vous et votre compagnon pourrez y trouver du plaisir !<\/strong><\/em><br \/>\n<span style=\"color:#ff0000;\"><em><strong><br \/>\nVoici quelques informations pour vous aider \u00e0 faire votre choix.<\/strong><\/em><\/span><br \/>\n<em><strong>Les rudiments du flyball peuvent s&rsquo;apprendre au chien <span style=\"color:#993366;\">d\u00e8s son plus jeune \u00e2ge<\/span> mais c&rsquo;est <span style=\"color:#993366;\">apr\u00e8s 10 mois<\/span>, lorsqu&rsquo;il aura termin\u00e9 le gros de sa croissance, qu&rsquo;il sera sollicit\u00e9 de fa\u00e7on plus intensive et il n&rsquo;entrera en comp\u00e9tition que lorsqu&rsquo;il sera pr\u00eat et aura atteint <span style=\"color:#993366;\">ses 15 mois<\/span>.<\/strong><\/em><br \/>\n<em><strong>Si ce sport lui pla\u00eet, il pourra le poursuivre jusqu&rsquo;\u00e0 un \u00e2ge avanc\u00e9, certains \u00ab\u00a0seniors\u00a0\u00bb jouent encore \u00e0 12 ou 14 ans.<\/strong><\/em><br \/>\n<em><strong>Votre chien se trouvera dans un environnement bruyant, sa <span style=\"color:#993366;\">socialisation<\/span> aux bruits, aux humains, aux autres chiens devra \u00eatre excellente. Il va travailler <span style=\"color:#993366;\">sans laisse<\/span> et devra donc avoir un excellent <span style=\"color:#993366;\">rappel<\/span>, ces deux points se travailleront d\u00e8s le moment o\u00f9 le chien arrivera chez vous.<br \/>\nUn chien <span style=\"color:#993366;\">trop peureux<\/span> envers ses cong\u00e9n\u00e8res ne sera pas \u00e0 sa place sur un terrain de flyball, son stress serait trop grand.<\/strong><\/em><br \/>\n<em><strong>Contrairement \u00e0 ce que beaucoup pensent, <span style=\"color:#993366;\">jouer \u00e0 la balle<\/span> avec un chien n&rsquo;est <span style=\"color:#993366;\">pas id\u00e9al<\/span> en effet il risque de devenir un enrag\u00e9 de la balle, ce qui va lui faire perdre du temps, de l&rsquo;\u00e9nergie et sa concentration lors des comp\u00e9titions. Pr\u00e9f\u00e9rez donc d&rsquo;autres jeux plus ax\u00e9s sur la r\u00e9flexion ou l\u2019habilet\u00e9.<\/strong><\/em><br \/>\n<em><strong>Le flyball <span style=\"color:#993366;\">ne s&rsquo;apprend pas \u00e0 la maison<\/span> mais dans un centre canin en effet si les premiers pas sont assez simples \u00e0 faire n&rsquo;importe o\u00f9, le mat\u00e9riel d&rsquo;entra\u00eenement devient vite indispensable de m\u00eame que les <span style=\"color:#993366;\">conseils<\/span> de moniteurs et pratiquants avis\u00e9s.<br \/>\nComme tout sport, le flyball doit \u00eatre pratiqu\u00e9 <span style=\"color:#993366;\">correctement<\/span>, dans ce cas, il n&rsquo;est pas source de blessures ou d&rsquo;accidents.<br \/>\nContrairement aux autres sports canins, qui se pratiquent individuellement, le flyball am\u00e8ne tr\u00e8s rapidement \u00e0 la <span style=\"color:#993366;\">comp\u00e9tition<\/span>. Si vous n&rsquo;avez pas le temps ou l&rsquo;envie de consacrer une partie de vos week-ends \u00e0 fr\u00e9quenter les comp\u00e9titions, ce sport ne vous conviendra pas et risque de frustrer votre chien.<br \/>\nLe flyball est un sport excitant pour le chien, ce dernier risque donc <span style=\"color:#993366;\">d&rsquo;aboyer<\/span> lorsqu&rsquo;il est en entra\u00eenement ou en comp\u00e9tition, ceci ne va toutefois pas le rendre plus aboyeur dans la vie quotidienne, puisqu&rsquo;\u00e0 ce moment, il ne sera pas en situation \u00ab\u00a0sportive\u00a0\u00bb.<br \/>\nLe flyball demande une <span style=\"color:#993366;\">bonne forme<\/span> de la part du chien mais aussi du ma\u00eetre, chaque jour, vous devrez consacrer un peu de votre temps \u00e0 la tenue en forme de votre compagnon. Vous apprendrez aussi les gestes \u00e0 faire pour bien <span style=\"color:#993366;\">\u00e9chauffer<\/span> votre compagnon, le masser au besoin, l&rsquo;aider \u00e0 <span style=\"color:#993366;\">d\u00e9tendre sa musculature<\/span> apr\u00e8s l&rsquo;effort.<br \/>\n<\/strong><\/em><em><strong>Le flyball est un <span style=\"color:#993366;\">sport d&rsquo;\u00e9quipe<\/span>, non seulement en comp\u00e9tition mais aussi \u00e0 l&rsquo;entra\u00eenement. Chacun <span style=\"color:#993366;\">aide<\/span> au montage et au d\u00e9montage du terrain, \u00e0 celui de la tente en comp\u00e9tition et sera amen\u00e9 \u00e0 occuper les diff\u00e9rents r\u00f4les cl\u00e9s que sont l&rsquo;aide \u00e0 l&rsquo;\u00e9chauffement des chiens, la fonction d&rsquo;aboyeur, le ramassage des balles, un coup de main aux d\u00e9butants&#8230;<br \/>\nPour votre compagnons \u00e0 quatre pattes, pratiquer ce sport demande une <span style=\"color:#993366;\">grosse d\u00e9pense d&rsquo;\u00e9nergie<\/span> en effet, lors d&rsquo;une comp\u00e9tition, votre chien devra courir plusieurs fois tant le matin que l&rsquo;apr\u00e8s-midi. Veiller \u00e0 une alimentation de qualit\u00e9, \u00e0 lui donner r\u00e9guli\u00e8rement \u00e0 boire seront des gestes indispensables.<br \/>\nIl est impossible de <span style=\"color:#993366;\">\u00ab\u00a0faire un essai\u00a0\u00bb<\/span> pour savoir si votre chien aimera ou non le flyball, vous serez imm\u00e9diatement mis dans le bain et apprendrez les premiers rudiments de l&rsquo;entra\u00eenement au lanceur&#8230;Mais vous pourrez, si vous le souhaitez, suivre un premier cours avant de vous affilier.<br \/>\nLa pratique du flyball ne demande pas de <span style=\"color:#993366;\">gros frais<\/span> : une corde \u00e0 tirer, un harnais (facultatif) et une laisse&#8230; Vous voil\u00e0 par\u00e9.<br \/>\nApr\u00e8s la lecture de ces quelques infos, <span style=\"color:#993366;\">si vous vous sentez d&rsquo;attaque pour tenter l&rsquo;exp\u00e9rience<\/span>&#8230; Il n&rsquo;y a plus qu&rsquo;\u00e0 prendre un<a href=\"https:\/\/flyballbelgique2.wordpress.com\/nous-contacter\/\"> premier rendez-vous<\/a> !<br \/>\n<\/strong><\/em><\/p>\n","protected":false},"excerpt":{"rendered":"<p>D\u00e9buter en flyball est possible pour presque tous les chiens, que vous ayez un Chihuahua ou un Leonberg, si vous souhaitez vous lancer dans ce sport, vous et votre compagnon pourrez y trouver du plaisir ! Voici quelques informations pour vous aider \u00e0 faire votre choix. Les rudiments du flyball peuvent s&rsquo;apprendre au chien d\u00e8s [&hellip;]<\/p>\n","protected":false},"author":1,"featured_media":0,"parent":0,"menu_order":0,"comment_status":"closed","ping_status":"closed","template":"","meta":{"_et_pb_use_builder":"","_et_pb_old_content":"","_et_gb_content_width":"","footnotes":""},"class_list":["post-1405","page","type-page","status-publish","hentry"],"_links":{"self":[{"href":"https:\/\/ciec.be\/flyballbelgique\/index.php\/wp-json\/wp\/v2\/pages\/1405","targetHints":{"allow":["GET"]}}],"collection":[{"href":"https:\/\/ciec.be\/flyballbelgique\/index.php\/wp-json\/wp\/v2\/pages"}],"about":[{"href":"https:\/\/ciec.be\/flyballbelgique\/index.php\/wp-json\/wp\/v2\/types\/page"}],"author":[{"embeddable":true,"href":"https:\/\/ciec.be\/flyballbelgique\/index.php\/wp-json\/wp\/v2\/users\/1"}],"replies":[{"embeddable":true,"href":"https:\/\/ciec.be\/flyballbelgique\/index.php\/wp-json\/wp\/v2\/comments?post=1405"}],"version-history":[{"count":0,"href":"https:\/\/ciec.be\/flyballbelgique\/index.php\/wp-json\/wp\/v2\/pages\/1405\/revisions"}],"wp:attachment":[{"href":"https:\/\/ciec.be\/flyballbelgique\/index.php\/wp-json\/wp\/v2\/media?parent=1405"}],"curies":[{"name":"wp","href":"https:\/\/api.w.org\/{rel}","templated":true}]}}